{"id":51,"date":"2016-09-12T20:48:58","date_gmt":"2016-09-12T18:48:58","guid":{"rendered":"http:\/\/lgdparczew.nazwa.pl\/lgdn\/?page_id=51"},"modified":"2016-12-06T09:39:21","modified_gmt":"2016-12-06T08:39:21","slug":"ogloszenia","status":"publish","type":"page","link":"https:\/\/lgdparczew.pl\/?page_id=51","title":{"rendered":"Og\u0142oszenia"},"content":{"rendered":"<h3 style=\"text-align: justify;\">Pytania i odpowiedzi<\/h3>\n<p style=\"text-align: justify;\">Pytania i odpowiedzi w zakresie poddzia\u0142ania 19.2 &#8222;Wsparcie na wdra\u017canie operacji w ramach strategii rozwoju lokalnego kierowanego przez spo\u0142eczno\u015b\u0107&#8221; obj\u0119tego Programem Rozwoju Obszar\u00f3w Wiejskich na lata 2014-2020&#8243; zamieszczone przez ARiMR.<\/p>\n<p>LINK: <a href=\"http:\/\/www.arimr.gov.pl\/pytania-i-wnioski-do-arimr.html\" target=\"_blank\">http:\/\/www.arimr.gov.pl\/pytania-i-wnioski-do-arimr.html<\/a><\/p>\n","protected":false},"excerpt":{"rendered":"<p>Pytania i odpowiedzi Pytania i odpowiedzi w zakresie poddzia\u0142ania 19.2 &#8222;Wsparcie na wdra\u017canie operacji w ramach strategii rozwoju lokalnego kierowanego przez spo\u0142eczno\u015b\u0107&#8221; obj\u0119tego Programem Rozwoju Obszar\u00f3w Wiejskich na lata 2014-2020&#8243; zamieszczone przez ARiMR. LINK: http:\/\/www.arimr.gov.pl\/pytania-i-wnioski-do-arimr.html<\/p>\n","protected":false},"author":1,"featured_media":0,"parent":0,"menu_order":0,"comment_status":"closed","ping_status":"closed","template":"","meta":{"footnotes":""},"class_list":["post-51","page","type-page","status-publish","hentry"],"_links":{"self":[{"href":"https:\/\/lgdparczew.pl\/index.php?rest_route=\/wp\/v2\/pages\/51","targetHints":{"allow":["GET"]}}],"collection":[{"href":"https:\/\/lgdparczew.pl\/index.php?rest_route=\/wp\/v2\/pages"}],"about":[{"href":"https:\/\/lgdparczew.pl\/index.php?rest_route=\/wp\/v2\/types\/page"}],"author":[{"embeddable":true,"href":"https:\/\/lgdparczew.pl\/index.php?rest_route=\/wp\/v2\/users\/1"}],"replies":[{"embeddable":true,"href":"https:\/\/lgdparczew.pl\/index.php?rest_route=%2Fwp%2Fv2%2Fcomments&post=51"}],"version-history":[{"count":4,"href":"https:\/\/lgdparczew.pl\/index.php?rest_route=\/wp\/v2\/pages\/51\/revisions"}],"predecessor-version":[{"id":480,"href":"https:\/\/lgdparczew.pl\/index.php?rest_route=\/wp\/v2\/pages\/51\/revisions\/480"}],"wp:attachment":[{"href":"https:\/\/lgdparczew.pl\/index.php?rest_route=%2Fwp%2Fv2%2Fmedia&parent=51"}],"curies":[{"name":"wp","href":"https:\/\/api.w.org\/{rel}","templated":true}]}}